{"id":33306,"date":"2021-12-06T21:52:12","date_gmt":"2021-12-06T20:52:12","guid":{"rendered":"https:\/\/koenigskinder-online.de\/shop\/?post_type=product&#038;p=33306"},"modified":"2021-12-12T19:45:20","modified_gmt":"2021-12-12T18:45:20","slug":"geschenkkarte","status":"publish","type":"product","link":"https:\/\/koenigskinder-online.de\/shop\/produkt\/geschenkkarte\/","title":{"rendered":"Geschenkkarte"},"content":{"rendered":"<p>Geschenkkarte<\/p>\n<p>-On- oder Offline einl\u00f6sbar<\/p>\n<p>-verschiedene Betr\u00e4ge w\u00e4hlbar<\/p>\n<p>-Zustellung per E-Mail an Wunschadresse<\/p>\n<p>-Zustellung nach Zahlungseingang<\/p>\n","protected":false},"excerpt":{"rendered":"<p>Geschenkkarte -On- oder Offline einl\u00f6sbar -verschiedene Betr\u00e4ge w\u00e4hlbar -Zustellung per E-Mail an Wunschadresse -Zustellung nach Zahlungseingang<\/p>\n","protected":false},"featured_media":33316,"template":"","meta":[],"product_cat":[342],"product_tag":[347,343,344,345,346,348,349],"class_list":{"0":"post-33306","1":"product","2":"type-product","3":"status-publish","4":"has-post-thumbnail","6":"product_cat-geschenkkarten","7":"product_tag-code","8":"product_tag-geschenk","9":"product_tag-geschenkkarte","10":"product_tag-gutschein","11":"product_tag-gutscheincode","12":"product_tag-gutscheinkarte","13":"product_tag-verschenkgutschein","15":"first","16":"instock","17":"purchasable","18":"product-type-pw-gift-card"},"_links":{"self":[{"href":"https:\/\/koenigskinder-online.de\/shop\/wp-json\/wp\/v2\/product\/33306","targetHints":{"allow":["GET"]}}],"collection":[{"href":"https:\/\/koenigskinder-online.de\/shop\/wp-json\/wp\/v2\/product"}],"about":[{"href":"https:\/\/koenigskinder-online.de\/shop\/wp-json\/wp\/v2\/types\/product"}],"wp:featuredmedia":[{"embeddable":true,"href":"https:\/\/koenigskinder-online.de\/shop\/wp-json\/wp\/v2\/media\/33316"}],"wp:attachment":[{"href":"https:\/\/koenigskinder-online.de\/shop\/wp-json\/wp\/v2\/media?parent=33306"}],"wp:term":[{"taxonomy":"product_cat","embeddable":true,"href":"https:\/\/koenigskinder-online.de\/shop\/wp-json\/wp\/v2\/product_cat?post=33306"},{"taxonomy":"product_tag","embeddable":true,"href":"https:\/\/koenigskinder-online.de\/shop\/wp-json\/wp\/v2\/product_tag?post=33306"}],"curies":[{"name":"wp","href":"https:\/\/api.w.org\/{rel}","templated":true}]}}