{"id":110,"date":"2020-12-21T00:04:17","date_gmt":"2020-12-20T23:04:17","guid":{"rendered":"https:\/\/koenigskinder-online.de\/shop\/?page_id=110"},"modified":"2021-06-22T13:07:17","modified_gmt":"2021-06-22T11:07:17","slug":"agb","status":"publish","type":"page","link":"https:\/\/koenigskinder-online.de\/shop\/agb\/","title":{"rendered":"AGB"},"content":{"rendered":"\n<h3 class=\"wp-block-heading\">Allgemeine Gesch\u00e4ftsbedingungen<\/h3>\n\n\n\n<p><strong>1. Geltungsbereich<\/strong><\/p>\n\n\n\n<p>F\u00fcr alle Bestellungen \u00fcber unseren Shop gelten die nachfolgenden AGB.<\/p>\n\n\n\n<p><strong>2. Vertragspartner, Vertragsschluss, Korrekturm\u00f6glichkeiten<\/strong><\/p>\n\n\n\n<p>Der Kaufvertrag kommt zustande mit K\u00f6nigskinderwelt.<br><br><strong>Kaufvertrag<\/strong><br>Sie nehmen das Angebot an, indem Sie den Button \u201eKostenpflichtig bestellen\u201c anklicken, anschlie\u00dfend best\u00e4tigen und den unmittelbar nachfolgenden Zahlungsvorgang abschlie\u00dfen. Sie k\u00f6nnen Angebote f\u00fcr mehrere Artikel auch dadurch annehmen, dass Sie die Artikel (sofern verf\u00fcgbar) in den Warenkorb legen und den unmittelbar anschlie\u00dfenden Zahlungsvorgang abschlie\u00dfen.<br>Sie k\u00f6nnen per PayPal oder \u00dcberweisung bezahlen. Der Vertrag kommt in diesem Fall erst zustande, wenn Sie die Artikel kaufen und bezahlen. Ebenso erst bei Auswahl der Abholungm\u00f6glichkeit im Gesch\u00e4ft. Auch in diesem Fall muss zun\u00e4chst der Kauf- und Zahlungsvorgang \u00fcber den Shop erfolgen.<br><br><strong>Korrekturm\u00f6glichkeiten<\/strong><br>Sie k\u00f6nnen Ihre Eingaben vor Abgabe der Bestellung mittels der von uns im Bestellprozess zur Verf\u00fcgung gestellten und selbsterkl\u00e4renden Mittel erkennen und korrigieren. Um eine Transaktion abzubrechen, bet\u00e4tigen Sie die \u201eZur\u00fcck\u201c-Schaltfl\u00e4che Ihres Browsers, um wieder auf die Artikelseite oder zum Warenkorb zu gelangen. Im Warenkorb k\u00f6nnen Sie durch \u00c4nderung der St\u00fcckzahl die Menge der Produkte \u00e4ndern bzw. durch Klick auf \u201eEntfernen\u201c den Artikel aus dem Warenkorb l\u00f6schen. Eingabefehler k\u00f6nnen auch durch Abbruch des Kaufvorgangs korrigiert werden.<\/p>\n\n\n\n<p><strong>3. Vertragssprache, Vertragstextspeicherung<\/strong><br>Die f\u00fcr den Vertragsschluss zur Verf\u00fcgung stehende Sprache ist Deutsch.<\/p>\n\n\n\n<p>Wir speichern den Vertragstext auf unseren Systemen, die jedoch f\u00fcr Sie nicht zug\u00e4nglich sind.<\/p>\n\n\n\n<p><strong>4. Lieferbedingungen<\/strong><\/p>\n\n\n\n<p>Wir liefern ausschlie\u00dflich in Deutschland. Der Versand geschieht ausschlie\u00dflich per Hermes oder DHL. <\/p>\n\n\n\n<p>Weiterhin haben sie Sie grunds\u00e4tzlich die M\u00f6glichkeit der Abholung bei K\u00f6nigskinderwelt, Judenstr. 3\/4 , 31134 Hildesheim, Deutschland zu den nachfolgend angegebenen Gesch\u00e4ftszeiten: Mo-Do 9.30Uhr-15Uhr, Fr 9.30Uhr-14Uhr und Sa 10-14 Uhr.<\/p>\n\n\n\n<p><strong>5. Bezahlung<\/strong><\/p>\n\n\n\n<p>In unserem Shop stehen Ihnen grunds\u00e4tzlich die folgende Zahlungsart zur Verf\u00fcgung:<\/p>\n\n\n\n<p><strong>PayPal<\/strong><\/p>\n\n\n\n<p><br>Im Bestellprozess werden Sie auf die Webseite des Online-Anbieters PayPal weitergeleitet. Um den Rechnungsbetrag \u00fcber PayPal bezahlen zu k\u00f6nnen, m\u00fcssen Sie dort registriert sein bzw. sich erst registrieren, mit Ihren Zugangsdaten legitimieren und die Zahlungsanweisung an uns best\u00e4tigen. Nach Abgabe der Bestellung im Shop fordern wir PayPal zur Einleitung der Zahlungstransaktion auf.<br>Die Zahlungstransaktion wird durch PayPal unmittelbar danach automatisch durchgef\u00fchrt. Weitere Hinweise erhalten Sie beim Bestellvorgang.<\/p>\n\n\n\n<p><strong>\u00dcberweisung<\/strong><\/p>\n\n\n\n<p>Im Bestellprozess k\u00f6nnen Sie ebenfalls Zahlung per \u00dcberweisung auf unser Gesch\u00e4ftskonto ausw\u00e4hlen. Nach dem Prozess werden Ihnen alle notwendigen Daten mitgeteilt. Die Zahlung erfolgt Ihrerseits selbstst\u00e4ndig \u00fcber ihren jeweiligen Bankanbieter.<\/p>\n\n\n\n<p><strong>6. Gew\u00e4hrleistung und Garantien<\/strong><\/p>\n\n\n\n<p>Es gilt das gesetzliche M\u00e4ngelhaftungsrecht. Informationen zu gegebenenfalls geltenden zus\u00e4tzlichen Garantien und deren genaue Bedingungen finden Sie jeweils beim Produkt und auf besonderen Informationsseiten im Onlineshop.<\/p>\n\n\n\n<p><strong>7. Haftung<\/strong><\/p>\n\n\n\n<p>F\u00fcr Anspr\u00fcche aufgrund von Sch\u00e4den, die durch uns, unsere gesetzlichen Vertreter oder Erf\u00fcllungsgehilfen verursacht wurden, haften wir stets unbeschr\u00e4nkt<\/p>\n\n\n\n<ul class=\"wp-block-list\"><li>bei Verletzung des Lebens, des K\u00f6rpers oder der Gesundheit,<\/li><li>bei vors\u00e4tzlicher oder grob fahrl\u00e4ssiger Pflichtverletzung,<\/li><li>bei Garantieversprechen, soweit vereinbart, oder<\/li><li>soweit der Anwendungsbereich des Produkthaftungsgesetzes er\u00f6ffnet ist.<\/li><\/ul>\n\n\n\n<p>Bei Verletzung wesentlicher Vertragspflichten, deren Erf\u00fcllung die ordnungsgem\u00e4\u00dfe Durchf\u00fchrung des Vertrages \u00fcberhaupt erst erm\u00f6glicht und auf deren Einhaltung der Vertragspartner regelm\u00e4\u00dfig vertrauen darf, (Kardinalpflichten) durch leichte Fahrl\u00e4ssigkeit von uns, unseren gesetzlichen Vertretern oder Erf\u00fcllungsgehilfen ist die Haftung der H\u00f6he nach auf den bei Vertragsschluss vorhersehbaren Schaden begrenzt, mit dessen Entstehung typischerweise gerechnet werden muss. Im \u00dcbrigen sind Anspr\u00fcche auf Schadensersatz ausgeschlossen.<\/p>\n\n\n\n<p><strong>8. Streitbeilegung<\/strong><br>Die Europ\u00e4ische Kommission stellt eine Plattform zur Online-Streitbeilegung (OS) bereit, die Sie hier finden <strong><a href=\"https:\/\/ec.europa.eu\/consumers\/odr\/\" target=\"_blank\" rel=\"noreferrer noopener\">https:\/\/ec.europa.eu\/consumers\/odr\/<\/a><\/strong>.<br>Zur Teilnahme an einem Streitbeilegungsverfahren vor einer Verbraucherschlichtungsstelle sind wir nicht verpflichtet und nicht bereit.<\/p>\n\n\n\n<p><br><em>AGB erstellt mit dem Trusted Shops Rechtstexter in Kooperation mit Wilde Beuger Solmecke Rechtsanw\u00e4lte.<\/em><\/p>\n","protected":false},"excerpt":{"rendered":"<p>Allgemeine Gesch\u00e4ftsbedingungen 1. Geltungsbereich F\u00fcr alle Bestellungen \u00fcber unseren Shop gelten die nachfolgenden AGB. 2. Vertragspartner, Vertragsschluss, Korrekturm\u00f6glichkeiten Der Kaufvertrag kommt zustande mit K\u00f6nigskinderwelt. KaufvertragSie nehmen das Angebot an, indem Sie den Button \u201eKostenpflichtig bestellen\u201c anklicken, anschlie\u00dfend best\u00e4tigen und den unmittelbar nachfolgenden Zahlungsvorgang abschlie\u00dfen. Sie k\u00f6nnen Angebote f\u00fcr mehrere Artikel auch dadurch annehmen, dass Sie&#8230;<a class=\"r_more_blog\" href=\"https:\/\/koenigskinder-online.de\/shop\/agb\/#more-110\"> continue reading<\/a><\/p>\n","protected":false},"author":1,"featured_media":0,"parent":0,"menu_order":0,"comment_status":"closed","ping_status":"closed","template":"","meta":{"footnotes":""},"class_list":["post-110","page","type-page","status-publish","hentry"],"_links":{"self":[{"href":"https:\/\/koenigskinder-online.de\/shop\/wp-json\/wp\/v2\/pages\/110","targetHints":{"allow":["GET"]}}],"collection":[{"href":"https:\/\/koenigskinder-online.de\/shop\/wp-json\/wp\/v2\/pages"}],"about":[{"href":"https:\/\/koenigskinder-online.de\/shop\/wp-json\/wp\/v2\/types\/page"}],"author":[{"embeddable":true,"href":"https:\/\/koenigskinder-online.de\/shop\/wp-json\/wp\/v2\/users\/1"}],"replies":[{"embeddable":true,"href":"https:\/\/koenigskinder-online.de\/shop\/wp-json\/wp\/v2\/comments?post=110"}],"version-history":[{"count":3,"href":"https:\/\/koenigskinder-online.de\/shop\/wp-json\/wp\/v2\/pages\/110\/revisions"}],"predecessor-version":[{"id":901,"href":"https:\/\/koenigskinder-online.de\/shop\/wp-json\/wp\/v2\/pages\/110\/revisions\/901"}],"wp:attachment":[{"href":"https:\/\/koenigskinder-online.de\/shop\/wp-json\/wp\/v2\/media?parent=110"}],"curies":[{"name":"wp","href":"https:\/\/api.w.org\/{rel}","templated":true}]}}